{"id":168,"date":"2023-05-09T18:58:41","date_gmt":"2023-05-09T18:58:41","guid":{"rendered":"https:\/\/facmed.unitru.edu.pe\/?page_id=168"},"modified":"2024-01-11T13:49:11","modified_gmt":"2024-01-11T13:49:11","slug":"cronograma-horario-2023","status":"publish","type":"page","link":"https:\/\/facmed.unitru.edu.pe\/index.php\/cronograma-horario-2023\/","title":{"rendered":"Cronograma &#8211; Horarios 2023"},"content":{"rendered":"\n<li>\n<a href=\"https:\/\/facmed.unitru.edu.pe\/wp-content\/uploads\/2023\/05\/CRONOGRAMA-ACADEMICO-2023-PAG-WEB.pdf\" target=\"_blank\" rel=\"noopener noreferrer\">CRONOGRAMA ACADEMICO 2023<\/a>\n<\/li>\n<br>\n<li>\n<a href=\"https:\/\/facmed.unitru.edu.pe\/wp-content\/uploads\/2023\/05\/HORARIO-1\u00b0-I-SEMESTRE-2023.pdf\" target=\"_blank\" rel=\"noopener noreferrer\">HORARIO 1er A\u00d1O SEMESTRE I<\/a>\n<\/li>\n<br>\n<li>\n<a href=\"https:\/\/facmed.unitru.edu.pe\/wp-content\/uploads\/2023\/05\/HORARIO-1\u00b0-II-SEMESTRE-2023.pdf\" target=\"_blank\" rel=\"noopener noreferrer\">HORARIO 1er A\u00d1O SEMESTRE II<\/a>\n<\/li>\n<br>\n<li>\n<a href=\"https:\/\/facmed.unitru.edu.pe\/wp-content\/uploads\/2023\/05\/HORARIO-2\u00b0-I-SEMESTRE-2023.pdf\" target=\"_blank\" rel=\"noopener noreferrer\">HORARIO 2do A\u00d1O SEMESTRE I<\/a>\n<\/li>\n<br>\n<li>\n<a href=\"https:\/\/facmed.unitru.edu.pe\/wp-content\/uploads\/2023\/05\/HORARIO-2\u00b0-II-SEMESTRE-2023.pdf\" target=\"_blank\" rel=\"noopener noreferrer\">HORARIO 2do A\u00d1O SEMESTRE II<\/a>\n<\/li>\n<br>\n<li>\n<a href=\"https:\/\/facmed.unitru.edu.pe\/wp-content\/uploads\/2023\/05\/HORARIO-3\u00b0-I-SEMESTRE-2023.pdf\" target=\"_blank\" rel=\"noopener noreferrer\">HORARIO 3er A\u00d1O SEMESTRE I<\/a>\n<\/li>\n<br>\n<li>\n<a href=\"https:\/\/facmed.unitru.edu.pe\/wp-content\/uploads\/2023\/05\/HORARIO-3\u00b0-II-SEMESTRE-2023.pdf\" target=\"_blank\" rel=\"noopener noreferrer\">HORARIO 3er A\u00d1O SEMESTRE II<\/a>\n<\/li>\n<br>\n<li>\n<a href=\"https:\/\/facmed.unitru.edu.pe\/wp-content\/uploads\/2023\/05\/HORARIO-4\u00b0-I-SEMESTRE-2023.pdf\" target=\"_blank\" rel=\"noopener noreferrer\">HORARIO 4to A\u00d1O SEMESTRE I<\/a>\n<\/li>\n<br>\n<li>\n<a href=\"https:\/\/facmed.unitru.edu.pe\/wp-content\/uploads\/2023\/05\/HORARIO-4\u00b0-II-SEMESTRE-2023.pdf\" target=\"_blank\" rel=\"noopener noreferrer\">HORARIO 4to A\u00d1O SEMESTRE II<\/a>\n<\/li>\n<br>\n<li>\n<a href=\"https:\/\/facmed.unitru.edu.pe\/wp-content\/uploads\/2023\/05\/HORARIO-5\u00b0-ANO-2023.pdf\" target=\"_blank\" rel=\"noopener noreferrer\">HORARIO 5to A\u00d1O<\/a>\n<\/li>\n<br>\n<li>\n<a href=\"https:\/\/facmed.unitru.edu.pe\/wp-content\/uploads\/2023\/05\/HORARIO-6\u00b0-ANO-2023.pdf\" target=\"_blank\" rel=\"noopener noreferrer\">HORARIO 6to A\u00d1O<\/a>\n<\/li>\n<br>\n","protected":false},"excerpt":{"rendered":"<p>CRONOGRAMA ACADEMICO 2023 HORARIO 1er A\u00d1O SEMESTRE I HORARIO 1er A\u00d1O SEMESTRE II HORARIO 2do A\u00d1O SEMESTRE I HORARIO 2do A\u00d1O SEMESTRE II HORARIO 3er A\u00d1O SEMESTRE I HORARIO 3er A\u00d1O SEMESTRE II HORARIO 4to A\u00d1O SEMESTRE I HORARIO 4to A\u00d1O SEMESTRE II HORARIO 5to A\u00d1O HORARIO 6to A\u00d1O<\/p>\n","protected":false},"author":2,"featured_media":0,"parent":0,"menu_order":0,"comment_status":"closed","ping_status":"closed","template":"","meta":{"footnotes":""},"class_list":["post-168","page","type-page","status-publish","hentry"],"_links":{"self":[{"href":"https:\/\/facmed.unitru.edu.pe\/index.php\/wp-json\/wp\/v2\/pages\/168","targetHints":{"allow":["GET"]}}],"collection":[{"href":"https:\/\/facmed.unitru.edu.pe\/index.php\/wp-json\/wp\/v2\/pages"}],"about":[{"href":"https:\/\/facmed.unitru.edu.pe\/index.php\/wp-json\/wp\/v2\/types\/page"}],"author":[{"embeddable":true,"href":"https:\/\/facmed.unitru.edu.pe\/index.php\/wp-json\/wp\/v2\/users\/2"}],"replies":[{"embeddable":true,"href":"https:\/\/facmed.unitru.edu.pe\/index.php\/wp-json\/wp\/v2\/comments?post=168"}],"version-history":[{"count":1,"href":"https:\/\/facmed.unitru.edu.pe\/index.php\/wp-json\/wp\/v2\/pages\/168\/revisions"}],"predecessor-version":[{"id":169,"href":"https:\/\/facmed.unitru.edu.pe\/index.php\/wp-json\/wp\/v2\/pages\/168\/revisions\/169"}],"wp:attachment":[{"href":"https:\/\/facmed.unitru.edu.pe\/index.php\/wp-json\/wp\/v2\/media?parent=168"}],"curies":[{"name":"wp","href":"https:\/\/api.w.org\/{rel}","templated":true}]}}