{"id":401,"date":"2023-05-10T17:54:02","date_gmt":"2023-05-10T17:54:02","guid":{"rendered":"https:\/\/facmed.unitru.edu.pe\/?page_id=401"},"modified":"2026-01-06T12:03:48","modified_gmt":"2026-01-06T12:03:48","slug":"home","status":"publish","type":"page","link":"https:\/\/facmed.unitru.edu.pe\/","title":{"rendered":"inicio"},"content":{"rendered":"\n<div class=\"wp-block-media-text alignwide is-stacked-on-mobile\" style=\"grid-template-columns:51% auto\"><figure class=\"wp-block-media-text__media\"><img decoding=\"async\" src=\"https:\/\/facmed.unitru.edu.pe\/wp-content\/uploads\/2025\/09\/image.png\" alt=\"\" class=\"wp-image-849 size-full\"\/><\/figure><div class=\"wp-block-media-text__content\">\n<p class=\"has-text-align-left\"><\/p>\n<\/div><\/div>\n\n\n\n<div style=\"height:36px\" aria-hidden=\"true\" class=\"wp-block-spacer\"><\/div>\n\n\n\n<div class=\"wp-block-media-text alignfull is-stacked-on-mobile is-style-rounded\" style=\"grid-template-columns:57% auto\"><figure class=\"wp-block-media-text__media\"><img loading=\"lazy\" decoding=\"async\" width=\"1280\" height=\"720\" src=\"https:\/\/facmed.unitru.edu.pe\/wp-content\/uploads\/2025\/09\/FACHADA.jpg\" alt=\"\" class=\"wp-image-759 size-full\" srcset=\"https:\/\/facmed.unitru.edu.pe\/wp-content\/uploads\/2025\/09\/FACHADA.jpg 1280w, https:\/\/facmed.unitru.edu.pe\/wp-content\/uploads\/2025\/09\/FACHADA-300x169.jpg 300w, https:\/\/facmed.unitru.edu.pe\/wp-content\/uploads\/2025\/09\/FACHADA-1024x576.jpg 1024w, https:\/\/facmed.unitru.edu.pe\/wp-content\/uploads\/2025\/09\/FACHADA-768x432.jpg 768w\" sizes=\"auto, (max-width: 1280px) 100vw, 1280px\" \/><\/figure><div class=\"wp-block-media-text__content\">\n<p>La Facultad de Medicina de la Universidad Nacional de Trujillo, fundada el <strong>17 de febrero de 1956<\/strong>, celebra casi siete d\u00e9cadas de excelencia acad\u00e9mica y compromiso con la salud de la regi\u00f3n y del pa\u00eds.<\/p>\n\n\n\n<h2 class=\"wp-block-heading has-text-align-center is-style-default has-base-2-background-color has-background has-medium-font-size\" style=\"font-style:italic;font-weight:800;text-transform:uppercase\"><strong>70 a\u00f1os formando m\u00e9dicos que transforman vidas<\/strong><\/h2>\n<\/div><\/div>\n","protected":false},"excerpt":{"rendered":"<p>La Facultad de Medicina de la Universidad Nacional de Trujillo, fundada el 17 de febrero de 1956, celebra casi siete d\u00e9cadas de excelencia acad\u00e9mica y compromiso con la salud de la regi\u00f3n y del pa\u00eds. 70 a\u00f1os formando m\u00e9dicos que transforman vidas<\/p>\n","protected":false},"author":2,"featured_media":0,"parent":0,"menu_order":0,"comment_status":"closed","ping_status":"closed","template":"","meta":{"footnotes":""},"class_list":["post-401","page","type-page","status-publish","hentry"],"_links":{"self":[{"href":"https:\/\/facmed.unitru.edu.pe\/index.php\/wp-json\/wp\/v2\/pages\/401","targetHints":{"allow":["GET"]}}],"collection":[{"href":"https:\/\/facmed.unitru.edu.pe\/index.php\/wp-json\/wp\/v2\/pages"}],"about":[{"href":"https:\/\/facmed.unitru.edu.pe\/index.php\/wp-json\/wp\/v2\/types\/page"}],"author":[{"embeddable":true,"href":"https:\/\/facmed.unitru.edu.pe\/index.php\/wp-json\/wp\/v2\/users\/2"}],"replies":[{"embeddable":true,"href":"https:\/\/facmed.unitru.edu.pe\/index.php\/wp-json\/wp\/v2\/comments?post=401"}],"version-history":[{"count":52,"href":"https:\/\/facmed.unitru.edu.pe\/index.php\/wp-json\/wp\/v2\/pages\/401\/revisions"}],"predecessor-version":[{"id":907,"href":"https:\/\/facmed.unitru.edu.pe\/index.php\/wp-json\/wp\/v2\/pages\/401\/revisions\/907"}],"wp:attachment":[{"href":"https:\/\/facmed.unitru.edu.pe\/index.php\/wp-json\/wp\/v2\/media?parent=401"}],"curies":[{"name":"wp","href":"https:\/\/api.w.org\/{rel}","templated":true}]}}