{"id":55,"date":"2025-09-12T14:17:49","date_gmt":"2025-09-12T14:17:49","guid":{"rendered":"https:\/\/facmed.unitru.edu.pe\/?page_id=55"},"modified":"2026-04-13T14:56:17","modified_gmt":"2026-04-13T14:56:17","slug":"vision-mision","status":"publish","type":"page","link":"https:\/\/facmed.unitru.edu.pe\/index.php\/vision-mision\/","title":{"rendered":"Visi\u00f3n y Misi\u00f3n"},"content":{"rendered":"\n<div style=\"height:47px\" aria-hidden=\"true\" class=\"wp-block-spacer\"><\/div>\n\n\n\n<div class=\"wp-block-group alignwide is-content-justification-center is-nowrap is-layout-flex wp-container-core-group-is-layout-0b20373e wp-block-group-is-layout-flex\">\n<figure class=\"wp-block-image size-large is-resized has-custom-border wp-duotone-unset-1\"><img loading=\"lazy\" decoding=\"async\" width=\"1024\" height=\"1024\" src=\"https:\/\/facmed.unitru.edu.pe\/wp-content\/uploads\/2025\/09\/banner-medico-con-estetoscopio-1024x1024.jpg\" alt=\"\" class=\"wp-image-806\" style=\"border-radius:14px;width:670px;height:auto\" srcset=\"https:\/\/facmed.unitru.edu.pe\/wp-content\/uploads\/2025\/09\/banner-medico-con-estetoscopio-1024x1024.jpg 1024w, https:\/\/facmed.unitru.edu.pe\/wp-content\/uploads\/2025\/09\/banner-medico-con-estetoscopio-300x300.jpg 300w, https:\/\/facmed.unitru.edu.pe\/wp-content\/uploads\/2025\/09\/banner-medico-con-estetoscopio-150x150.jpg 150w, https:\/\/facmed.unitru.edu.pe\/wp-content\/uploads\/2025\/09\/banner-medico-con-estetoscopio-768x768.jpg 768w, https:\/\/facmed.unitru.edu.pe\/wp-content\/uploads\/2025\/09\/banner-medico-con-estetoscopio-1536x1536.jpg 1536w, https:\/\/facmed.unitru.edu.pe\/wp-content\/uploads\/2025\/09\/banner-medico-con-estetoscopio-2048x2048.jpg 2048w\" sizes=\"auto, (max-width: 1024px) 100vw, 1024px\" \/><\/figure>\n\n\n\n<div class=\"wp-block-group is-vertical is-layout-flex wp-container-core-group-is-layout-5ee61f30 wp-block-group-is-layout-flex\" style=\"padding-right:var(--wp--preset--spacing--20);padding-left:var(--wp--preset--spacing--20)\">\n<h2 class=\"wp-block-heading\"><strong><em>Visi\u00f3n<\/em><\/strong><\/h2>\n\n\n\n<p>\u201cAl 2030, la Facultad de Medicina ser\u00e1 l\u00edder nacional y referente internacional en formaci\u00f3n m\u00e9dica, investigaci\u00f3n aplicada e innovaci\u00f3n en salud, reconocida por la excelencia acad\u00e9mica, la formaci\u00f3n de profesionales competentes en salud p\u00fablica y atenci\u00f3n integral, y su impacto en la mejora de los sistemas de salud regionales y nacionales.\u201d<\/p>\n<\/div>\n<\/div>\n\n\n\n<div style=\"height:46px\" aria-hidden=\"true\" class=\"wp-block-spacer\"><\/div>\n\n\n\n<div class=\"wp-block-group alignwide is-content-justification-center is-nowrap is-layout-flex wp-container-core-group-is-layout-0b20373e wp-block-group-is-layout-flex\">\n<div class=\"wp-block-group is-vertical is-content-justification-right is-layout-flex wp-container-core-group-is-layout-2e7b303d wp-block-group-is-layout-flex\" style=\"padding-right:var(--wp--preset--spacing--20);padding-left:var(--wp--preset--spacing--20)\">\n<h2 class=\"wp-block-heading\"><strong><em>Misi\u00f3n<\/em><\/strong><\/h2>\n\n\n\n<p class=\"has-text-align-right\">\u201cFormar m\u00e9dicos \u00edntegros, competentes e innovadores, con s\u00f3lida base cient\u00edfica, \u00e9tica y human\u00edstica. Capaces de desempe\u00f1arse en el sistema de salud con enfoque integral y compromiso social. Orientados a la investigaci\u00f3n aplicada y a la atenci\u00f3n de la persona, la familia y la comunidad. Comprometidos con la calidad, la equidad, la mejora continua y el desarrollo sostenible como base para una salud global\u201d<\/p>\n<\/div>\n\n\n\n<figure class=\"wp-block-image size-large is-resized has-custom-border\"><img loading=\"lazy\" decoding=\"async\" width=\"1024\" height=\"683\" src=\"https:\/\/facmed.unitru.edu.pe\/wp-content\/uploads\/2025\/09\/doctor-dando-presentacion-al-equipo-de-medicos-interinos-1024x683.jpg\" alt=\"\" class=\"wp-image-807\" style=\"border-radius:14px;width:516px;height:auto\" srcset=\"https:\/\/facmed.unitru.edu.pe\/wp-content\/uploads\/2025\/09\/doctor-dando-presentacion-al-equipo-de-medicos-interinos-1024x683.jpg 1024w, https:\/\/facmed.unitru.edu.pe\/wp-content\/uploads\/2025\/09\/doctor-dando-presentacion-al-equipo-de-medicos-interinos-300x200.jpg 300w, https:\/\/facmed.unitru.edu.pe\/wp-content\/uploads\/2025\/09\/doctor-dando-presentacion-al-equipo-de-medicos-interinos-768x512.jpg 768w, https:\/\/facmed.unitru.edu.pe\/wp-content\/uploads\/2025\/09\/doctor-dando-presentacion-al-equipo-de-medicos-interinos-1536x1024.jpg 1536w, https:\/\/facmed.unitru.edu.pe\/wp-content\/uploads\/2025\/09\/doctor-dando-presentacion-al-equipo-de-medicos-interinos-2048x1365.jpg 2048w\" sizes=\"auto, (max-width: 1024px) 100vw, 1024px\" \/><\/figure>\n<\/div>\n","protected":false},"excerpt":{"rendered":"<p>Visi\u00f3n \u201cAl 2030, la Facultad de Medicina ser\u00e1 l\u00edder nacional y referente internacional en formaci\u00f3n m\u00e9dica, investigaci\u00f3n aplicada e innovaci\u00f3n en salud, reconocida por la excelencia acad\u00e9mica, la formaci\u00f3n de profesionales competentes en salud p\u00fablica y atenci\u00f3n integral, y su impacto en la mejora de los sistemas de salud regionales y nacionales.\u201d Misi\u00f3n \u201cFormar m\u00e9dicos [&hellip;]<\/p>\n","protected":false},"author":2,"featured_media":0,"parent":0,"menu_order":0,"comment_status":"closed","ping_status":"closed","template":"","meta":{"footnotes":""},"class_list":["post-55","page","type-page","status-publish","hentry"],"_links":{"self":[{"href":"https:\/\/facmed.unitru.edu.pe\/index.php\/wp-json\/wp\/v2\/pages\/55","targetHints":{"allow":["GET"]}}],"collection":[{"href":"https:\/\/facmed.unitru.edu.pe\/index.php\/wp-json\/wp\/v2\/pages"}],"about":[{"href":"https:\/\/facmed.unitru.edu.pe\/index.php\/wp-json\/wp\/v2\/types\/page"}],"author":[{"embeddable":true,"href":"https:\/\/facmed.unitru.edu.pe\/index.php\/wp-json\/wp\/v2\/users\/2"}],"replies":[{"embeddable":true,"href":"https:\/\/facmed.unitru.edu.pe\/index.php\/wp-json\/wp\/v2\/comments?post=55"}],"version-history":[{"count":22,"href":"https:\/\/facmed.unitru.edu.pe\/index.php\/wp-json\/wp\/v2\/pages\/55\/revisions"}],"predecessor-version":[{"id":912,"href":"https:\/\/facmed.unitru.edu.pe\/index.php\/wp-json\/wp\/v2\/pages\/55\/revisions\/912"}],"wp:attachment":[{"href":"https:\/\/facmed.unitru.edu.pe\/index.php\/wp-json\/wp\/v2\/media?parent=55"}],"curies":[{"name":"wp","href":"https:\/\/api.w.org\/{rel}","templated":true}]}}