{"id":70,"date":"2023-05-05T18:11:30","date_gmt":"2023-05-05T18:11:30","guid":{"rendered":"https:\/\/facmed.unitru.edu.pe\/?page_id=70"},"modified":"2026-03-05T12:37:08","modified_gmt":"2026-03-05T12:37:08","slug":"autoridades","status":"publish","type":"page","link":"https:\/\/facmed.unitru.edu.pe\/index.php\/autoridades\/","title":{"rendered":"Autoridades"},"content":{"rendered":"\n<p class=\"has-medium-font-size\"><strong>Facultad de Medicina<\/strong><br>Decano (e):<br>Dr.  Jos\u00e9 Gustavo Gonz\u00e1lez Zavala<\/p>\n\n\n\n<p class=\"has-medium-font-size\">Director de Escuela de Medicina:<br>Dr. Luis Flori\u00e1n Zavaleta<\/p>\n\n\n\n<ul class=\"wp-block-list has-medium-font-size\">\n<li>Consejeros:<\/li>\n<\/ul>\n\n\n\n<p>Dr. Luis Edgardo Florian Zavaleta<\/p>\n<p>Dr. Jes\u00fas R\u00edos Mauricio<\/p>\n<p>Dra. Flor de Mar\u00eda Evangelista Montoya<\/p>\n<p>Dr. Percy Abanto Montalv\u00e1n<\/p>\n<p>Dra. Jenny Valverde L\u00f3pez<\/p>\n<p>Dr. Edwars Salom\u00f3n Nu\u00f1ez Acebedo<\/p>\n<p>Javier Osiel Cusma Lovato<\/p>\n<p>Ximena Leonor Annye Garc\u00eda Ch\u00e1vez<\/p>\n<p>H\u00e9ctor David Berr\u00edos Rodr\u00edguez<\/p>\n\n\n\n<h4>Jefes de Departamentos<\/h4>\n\n\n\n<br>Departamento Acad\u00e9mico de Ciencias B\u00e1sicas Medicas<\/br>\n<p>Dra. Lourdes Armas Fava<\/p>\n<br>Departamento Acad\u00e9mico de Cirug\u00eda<\/br>\n<p>Dr. Ra\u00fal Cantera Hurtado<\/p>\n<br>Departamento Acad\u00e9mico de Fisiolog\u00eda Humana<\/br>\n<p>Dr. Jorge Luis Campos Reyna<\/p>\n<br>Departamento Acad\u00e9mico de Ginecolog\u00eda y Obstetricia<\/br>\n<p>Dr. Pedro Gabriel Aldave Paredes<\/p>\n<br>Departamento Acad\u00e9mico de Medicina<\/br>\n<p>Dr. Manuel Segundo N\u00fa\u00f1ez LLanos<\/p>\n<br>Departamento Acad\u00e9mico de Morfolog\u00eda Humana<\/br>\n<p>Dr. Jos\u00e9 Gustavo Gonzales Zavala<\/p>\n<br>Departamento Acad\u00e9mico de Pediatr\u00eda<\/br>\n<p>Dr. Sime\u00f3n Ignacio Ugaz Cayao<\/p>\n<br>Departamento Acad\u00e9mico de Medicina Preventiva y Salud P\u00fablica<\/br>\n<p>Dr. Marcial Garc\u00eda Carranza<\/p>\n","protected":false},"excerpt":{"rendered":"<p>Facultad de MedicinaDecano (e):Dr. Jos\u00e9 Gustavo Gonz\u00e1lez Zavala Director de Escuela de Medicina:Dr. Luis Flori\u00e1n Zavaleta Dr. Luis Edgardo Florian Zavaleta Dr. Jes\u00fas R\u00edos Mauricio Dra. Flor de Mar\u00eda Evangelista Montoya Dr. Percy Abanto Montalv\u00e1n Dra. Jenny Valverde L\u00f3pez Dr. Edwars Salom\u00f3n Nu\u00f1ez Acebedo Javier Osiel Cusma Lovato Ximena Leonor Annye Garc\u00eda Ch\u00e1vez H\u00e9ctor David [&hellip;]<\/p>\n","protected":false},"author":2,"featured_media":0,"parent":0,"menu_order":0,"comment_status":"closed","ping_status":"closed","template":"","meta":{"footnotes":""},"class_list":["post-70","page","type-page","status-publish","hentry"],"_links":{"self":[{"href":"https:\/\/facmed.unitru.edu.pe\/index.php\/wp-json\/wp\/v2\/pages\/70","targetHints":{"allow":["GET"]}}],"collection":[{"href":"https:\/\/facmed.unitru.edu.pe\/index.php\/wp-json\/wp\/v2\/pages"}],"about":[{"href":"https:\/\/facmed.unitru.edu.pe\/index.php\/wp-json\/wp\/v2\/types\/page"}],"author":[{"embeddable":true,"href":"https:\/\/facmed.unitru.edu.pe\/index.php\/wp-json\/wp\/v2\/users\/2"}],"replies":[{"embeddable":true,"href":"https:\/\/facmed.unitru.edu.pe\/index.php\/wp-json\/wp\/v2\/comments?post=70"}],"version-history":[{"count":43,"href":"https:\/\/facmed.unitru.edu.pe\/index.php\/wp-json\/wp\/v2\/pages\/70\/revisions"}],"predecessor-version":[{"id":905,"href":"https:\/\/facmed.unitru.edu.pe\/index.php\/wp-json\/wp\/v2\/pages\/70\/revisions\/905"}],"wp:attachment":[{"href":"https:\/\/facmed.unitru.edu.pe\/index.php\/wp-json\/wp\/v2\/media?parent=70"}],"curies":[{"name":"wp","href":"https:\/\/api.w.org\/{rel}","templated":true}]}}