{"id":89,"date":"2023-05-09T15:44:36","date_gmt":"2023-05-09T15:44:36","guid":{"rendered":"https:\/\/facmed.unitru.edu.pe\/?page_id=89"},"modified":"2024-10-11T13:27:12","modified_gmt":"2024-10-11T13:27:12","slug":"comites-de-facultad","status":"publish","type":"page","link":"https:\/\/facmed.unitru.edu.pe\/index.php\/comites-de-facultad\/","title":{"rendered":"Comit\u00e9s de Facultad"},"content":{"rendered":"\n<a> * Comit\u00e9 de Calidad<\/a>\n<br>\n<a href=\"https:\/\/facmed.unitru.edu.pe\/wp-content\/uploads\/2023\/10\/RD-062-2023-RECONFORMACION-DEL-COMITE-DE-CALIDAD-MEDICINA.pdf\">Reconformacion Comite de Calidad<\/a>\n<br>\n<a href=\"https:\/\/facmed.unitru.edu.pe\/wp-content\/uploads\/2024\/10\/RR-N-1690-2023-UNT-OFICIALIZACION-DEL-COMITE-DE-CALIDAD-MEDICINA.pdf\">Oficializacion del Comit\u00e9 de Calidad<\/a>\n<br>\n<a href=\"https:\/\/facmed.unitru.edu.pe\/wp-content\/uploads\/2024\/10\/Integrantes-del-Comite-de-Calidad.jpg\">Integrantes del Comit\u00e9 de Calidad<\/a>\n<br>\n<br>\n<a href=\"https:\/\/facmed.unitru.edu.pe\/wp-content\/uploads\/2023\/05\/RD-180-2022-COMITE-DE-INNOVACION-Y-TRANFERENCIA-TECNOLOGICA.pdf\" target=\"_blank\" rel=\"noopener noreferrer\">* Comit\u00e9 de Innovaci\u00f3n y Transferencia Tecnol\u00f3gica<\/a>\n<br>\n<br>\n<a href=\"https:\/\/facmed.unitru.edu.pe\/wp-content\/uploads\/2023\/05\/RD-048-2023-COMITE-DE-EDUCACION-VIRTUAL.pdf\" target=\"_blank\" rel=\"noopener noreferrer\">* Comit\u00e9 de Educaci\u00f3n Virtual<\/a>\n","protected":false},"excerpt":{"rendered":"<p>* Comit\u00e9 de Calidad Reconformacion Comite de Calidad Oficializacion del Comit\u00e9 de Calidad Integrantes del Comit\u00e9 de Calidad * Comit\u00e9 de Innovaci\u00f3n y Transferencia Tecnol\u00f3gica * Comit\u00e9 de Educaci\u00f3n Virtual<\/p>\n","protected":false},"author":2,"featured_media":0,"parent":0,"menu_order":0,"comment_status":"closed","ping_status":"closed","template":"","meta":{"footnotes":""},"class_list":["post-89","page","type-page","status-publish","hentry"],"_links":{"self":[{"href":"https:\/\/facmed.unitru.edu.pe\/index.php\/wp-json\/wp\/v2\/pages\/89","targetHints":{"allow":["GET"]}}],"collection":[{"href":"https:\/\/facmed.unitru.edu.pe\/index.php\/wp-json\/wp\/v2\/pages"}],"about":[{"href":"https:\/\/facmed.unitru.edu.pe\/index.php\/wp-json\/wp\/v2\/types\/page"}],"author":[{"embeddable":true,"href":"https:\/\/facmed.unitru.edu.pe\/index.php\/wp-json\/wp\/v2\/users\/2"}],"replies":[{"embeddable":true,"href":"https:\/\/facmed.unitru.edu.pe\/index.php\/wp-json\/wp\/v2\/comments?post=89"}],"version-history":[{"count":29,"href":"https:\/\/facmed.unitru.edu.pe\/index.php\/wp-json\/wp\/v2\/pages\/89\/revisions"}],"predecessor-version":[{"id":506,"href":"https:\/\/facmed.unitru.edu.pe\/index.php\/wp-json\/wp\/v2\/pages\/89\/revisions\/506"}],"wp:attachment":[{"href":"https:\/\/facmed.unitru.edu.pe\/index.php\/wp-json\/wp\/v2\/media?parent=89"}],"curies":[{"name":"wp","href":"https:\/\/api.w.org\/{rel}","templated":true}]}}